{"id":526,"date":"2021-05-27T18:30:32","date_gmt":"2021-05-27T18:30:32","guid":{"rendered":"https:\/\/clubelectronicos.com\/tienda\/?post_type=product&#038;p=526"},"modified":"2021-06-02T22:07:11","modified_gmt":"2021-06-02T22:07:11","slug":"todos-los-secretos-edicion-especial","status":"publish","type":"product","link":"https:\/\/clubelectronicos.com\/tienda\/producto\/todos-los-secretos-edicion-especial\/","title":{"rendered":"TODOS LOS SECRETOS!!! &#8211; EDICION ESPECIAL"},"content":{"rendered":"<p>PROGRAMACI\u00d3N DIAGN\u00d3STICO DE MAIN BOARDS CHINAS<\/p>\n<p>Diagn\u00f3stico total desde el Celular<\/p>\n<p>Consultar \u00cdndice del la publicaci\u00f3n<\/p>\n<p><a href=\"https:\/\/clubelectronicos.com\/tienda\/wp-content\/uploads\/2021\/05\/INDICE-LIBRO-BUSHERS-SEGUNDA-EDICION-1.pdf\">INDICE-LIBRO-BUSHERS-SEGUNDA-EDICION-1<\/a><\/p>\n","protected":false},"excerpt":{"rendered":"<p>PROGRAMACI\u00d3N DIAGN\u00d3STICO DE MAIN BOARDS CHINAS<\/p>\n<p>Diagn\u00f3stico total desde el Celular<\/p>\n","protected":false},"featured_media":528,"comment_status":"open","ping_status":"closed","template":"","meta":{"om_disable_all_campaigns":false,"_uag_custom_page_level_css":""},"product_brand":[],"product_cat":[19],"product_tag":[24,25,23],"class_list":{"0":"post-526","1":"product","2":"type-product","3":"status-publish","4":"has-post-thumbnail","6":"product_cat-publicaciones","7":"product_tag-main-boards","8":"product_tag-main-boards-chinas","9":"product_tag-programacion","11":"first","12":"outofstock","13":"downloadable","14":"virtual","15":"purchasable","16":"product-type-simple"},"uagb_featured_image_src":{"full":["https:\/\/clubelectronicos.com\/tienda\/wp-content\/uploads\/2021\/05\/todoslossecretos.jpg",237,405,false],"thumbnail":["https:\/\/clubelectronicos.com\/tienda\/wp-content\/uploads\/2021\/05\/todoslossecretos-150x150.jpg",150,150,true],"medium":["https:\/\/clubelectronicos.com\/tienda\/wp-content\/uploads\/2021\/05\/todoslossecretos-176x300.jpg",176,300,true],"medium_large":["https:\/\/clubelectronicos.com\/tienda\/wp-content\/uploads\/2021\/05\/todoslossecretos.jpg",237,405,false],"large":["https:\/\/clubelectronicos.com\/tienda\/wp-content\/uploads\/2021\/05\/todoslossecretos.jpg",237,405,false],"1536x1536":["https:\/\/clubelectronicos.com\/tienda\/wp-content\/uploads\/2021\/05\/todoslossecretos.jpg",237,405,false],"2048x2048":["https:\/\/clubelectronicos.com\/tienda\/wp-content\/uploads\/2021\/05\/todoslossecretos.jpg",237,405,false],"woocommerce_thumbnail":["https:\/\/clubelectronicos.com\/tienda\/wp-content\/uploads\/2021\/05\/todoslossecretos-237x300.jpg",237,300,true],"woocommerce_single":["https:\/\/clubelectronicos.com\/tienda\/wp-content\/uploads\/2021\/05\/todoslossecretos.jpg",237,405,false],"woocommerce_gallery_thumbnail":["https:\/\/clubelectronicos.com\/tienda\/wp-content\/uploads\/2021\/05\/todoslossecretos-100x100.jpg",100,100,true]},"uagb_author_info":{"display_name":"admin","author_link":"https:\/\/clubelectronicos.com\/tienda\/author\/"},"uagb_comment_info":0,"uagb_excerpt":"PROGRAMACI\u00d3N DIAGN\u00d3STICO DE MAIN BOARDS CHINAS Diagn\u00f3stico total desde el Celular","_links":{"self":[{"href":"https:\/\/clubelectronicos.com\/tienda\/wp-json\/wp\/v2\/product\/526","targetHints":{"allow":["GET"]}}],"collection":[{"href":"https:\/\/clubelectronicos.com\/tienda\/wp-json\/wp\/v2\/product"}],"about":[{"href":"https:\/\/clubelectronicos.com\/tienda\/wp-json\/wp\/v2\/types\/product"}],"replies":[{"embeddable":true,"href":"https:\/\/clubelectronicos.com\/tienda\/wp-json\/wp\/v2\/comments?post=526"}],"wp:featuredmedia":[{"embeddable":true,"href":"https:\/\/clubelectronicos.com\/tienda\/wp-json\/wp\/v2\/media\/528"}],"wp:attachment":[{"href":"https:\/\/clubelectronicos.com\/tienda\/wp-json\/wp\/v2\/media?parent=526"}],"wp:term":[{"taxonomy":"product_brand","embeddable":true,"href":"https:\/\/clubelectronicos.com\/tienda\/wp-json\/wp\/v2\/product_brand?post=526"},{"taxonomy":"product_cat","embeddable":true,"href":"https:\/\/clubelectronicos.com\/tienda\/wp-json\/wp\/v2\/product_cat?post=526"},{"taxonomy":"product_tag","embeddable":true,"href":"https:\/\/clubelectronicos.com\/tienda\/wp-json\/wp\/v2\/product_tag?post=526"}],"curies":[{"name":"wp","href":"https:\/\/api.w.org\/{rel}","templated":true}]}}